{"id":40,"date":"2012-09-10T16:20:20","date_gmt":"2012-09-10T16:20:20","guid":{"rendered":"http:\/\/www.test1.ru\/Progress\/?page_id=40"},"modified":"2019-03-27T10:48:47","modified_gmt":"2019-03-27T07:48:47","slug":"iletisim","status":"publish","type":"page","link":"https:\/\/www.onaykimya.com.tr\/tr\/iletisim\/","title":{"rendered":"\u0130leti\u015fim"},"content":{"rendered":"<div class=\"row-fluid\">\n\t<div class=\"wpb_gmaps_widget wpb_content_element span12\">\n\t\t<div class=\"wpb_wrapper\"><div class=\"wpb_map_wraper\"><iframe loading=\"lazy\" width=\"100%\" height=\"350\" frameborder=\"0\" scrolling=\"no\" marginheight=\"0\" marginwidth=\"0\" src=\"https:\/\/www.google.com\/maps\/d\/embed?mid=zIBg4w9ZZC0Q.kfiYnZoZQeqI&amp;t=m&amp;z=14&amp;output=embed\"><\/iframe><\/div>\n\t\t<\/div> \n\t<\/div> <\/div> <div class=\"row-fluid\">\n\t<div class=\"wpb_flickr_widget wpb_content_element span8\">\n\t\t<div class=\"wpb_wrapper\">\n\t\t\t<div class=\"wpb_heading_title clearfix\"><h4 class=\"wpb_heading wpb_flickr_heading\">Bize Ula\u015f\u0131n<\/h4><\/div><form id=\"69d0980f052dbcontact-form\" class=\"contact-form form-horizontal\" action=\"\/index.php\" method=\"post\"><div class=\"control-group\"><div class=\"controls\"><label for=\"69d0980f052dbname\">Name: *<\/label><input type=\"text\" id=\"69d0980f052dbname\" name=\"name\" value=\"\"\/><\/div><\/div><div class=\"control-group\"><div class=\"controls\"><label for=\"69d0980f052dbemail\">Email: *<\/label><input type=\"text\" id=\"69d0980f052dbemail\" name=\"email\" value=\"\" \/><\/div><\/div><div class=\"control-group\"><div class=\"controls\"><label for=\"69d0980f052dbmessage\" >Message: *<\/label><textarea id=\"69d0980f052dbmessage\" name=\"message\" cols=\"300\" rows=\"12\"><\/textarea><\/div><\/div><input type=\"submit\" id=\"69d0980f052dbsubmit-mail\" class=\"btn btn-primary \" name=\"submitmail\" value=\"Send Message\" \/><img decoding=\"async\" id=\"69d0980f052dbloading\" class=\"invisible loading-img\" src=\"https:\/\/www.onaykimya.com.tr\/wp-content\/themes\/kimya\/images\/loader-light.gif\" alt=\"Loading...\" style=\"margin-left:15px;\" \/><input type=\"hidden\" id=\"69d0980f052dbmyemail\" name=\"myemail\" value=\"info@onaykimya.com.tr\" \/><input type=\"hidden\" id=\"69d0980f052dbsubject\" name=\"subject\" value=\"Contact Form Email\" \/><input type=\"hidden\" id=\"69d0980f052dbsuccess\" name=\"success\" value=\"Test\" \/><input type=\"hidden\" id=\"69d0980f052dbfailure\" name=\"failure\" value=\"test\" \/><input type=\"hidden\" id=\"69d0980f052dbinvalid\" name=\"invalid\" value=\"test\" \/><input type=\"hidden\" id=\"69d0980f052dbincomplete\" name=\"incomplete\" value=\"test\" \/><div id=\"69d0980f052dbform-status\" class=\"form-status\"><span id=\"69d0980f052dbstatus-message\"><\/span><\/div><\/form><div class=\"clearfix\"><\/div><script>\/* <![CDATA[ *\/ jQuery(function() { var sendButton = jQuery(\"#\" + \"69d0980f052db\" + \"submit-mail\"); var formStatus = jQuery(\"#\" + \"69d0980f052db\" + \"form-status\"); var statusMessage = jQuery(\"#\" + \"69d0980f052db\" + \"status-message\"); var form = jQuery(\"#\" + \"69d0980f052db\" + \"contact-form\"); var loading = jQuery(\"#\" + \"69d0980f052db\" + \"loading\"); sendButton.click(function(event) { event.preventDefault(); jQuery.ajax({ url : \"https:\/\/www.onaykimya.com.tr\/wp-content\/themes\/kimya\" + \"\/functions\/contact-form-shortcode\/ajax.php\", dataType: \"json\", type: \"POST\", data: \"name=\" + jQuery(\"#\" + \"69d0980f052db\" + \"name\").val() + \"\\u0026email=\" + jQuery(\"#\" + \"69d0980f052db\" + \"email\").val() + \"\\u0026message=\" + jQuery(\"#\" + \"69d0980f052db\" + \"message\").val() + \"\\u0026myemail=\" + jQuery(\"#\" + \"69d0980f052db\" + \"myemail\").val() + \"\\u0026success=\" + jQuery(\"#\" + \"69d0980f052db\" + \"success\").val() + \"\\u0026failure=\" + jQuery(\"#\" + \"69d0980f052db\" + \"failure\").val() + \"\\u0026invalid=\" + jQuery(\"#\" + \"69d0980f052db\" + \"invalid\").val() + \"\\u0026incomplete=\" + jQuery(\"#\" + \"69d0980f052db\" + \"incomplete\").val() + \"\\u0026subject=\" + jQuery(\"#\" + \"69d0980f052db\" + \"subject\").val(), beforeSend: function() { sendButton.disabled = true;loading.css(\"visibility\", \"visible\");}, success: function(response) { sendButton.disabled = false; loading.css(\"visibility\", \"hidden\"); if(response.type === \"success\") { statusMessage.text(response.message); if(formStatus.hasClass(\"alert-error\")) { formStatus.removeClass(\"alert alert-error\"); } formStatus.addClass(\"alert alert-success\").css(\"display\", \"block\"); } else { statusMessage.text(response.message); if(formStatus.hasClass(\"alert-success\")) { formStatus.removeClass(\"alert alert-success\"); } formStatus.addClass(\"alert alert-error\").css(\"display\", \"block\"); } } }); }); }); \/* ]]> *\/ <\/script>\n\t\t<\/div> <!-- END .wpb_wrapper -->\n\t<\/div> <!-- END 2\/3 --> \n\t<div class=\"wpb_content_element span4 column_container\">\n\t\t<div class=\"wpb_wrapper\">\n\t\t\t <div class=\"vc_text_separator wpb_content_element separator_align_left \"><div>ONAY K\u0130MYA SANAY\u0130 \u0130\u00c7 VE DI\u015e T\u0130CARET LTD. \u015eT\u0130.<\/div><\/div>\n <div class=\"row-fluid\"><div class=\"span12\"><div class=\"feature_box feature_style1\"><div class=\"feature_icon feature_globe\"><\/div><h4>Adres<\/h4>\n<p>BATTALGAZ\u0130 MAHALLES\u0130<\/p>\n<p>END\u00dcL\u00dcS SOKAK SULTAN SANAY\u0130 S\u0130TES\u0130 24 D1 BLOK NO:27-1<\/p>\n<p>SULTANBEYL\u0130\/ \u0130STANBUL<\/p>\n<div class=\"clearfix\"><\/div><\/div><\/div><\/div> <div class=\"row-fluid\"><div class=\"span12\"><div class=\"feature_box feature_style1\"><div class=\"feature_icon feature_phone\"><\/div><h4>Telefon \/ Fax<\/h4>\n<p><strong>Telefon:<\/strong> (216) 550 07 55-56<\/p>\n<p><strong>Fax:<\/strong> 0216 669 08 61<\/p>\n<div class=\"clearfix\"><\/div><\/div><\/div><\/div> <div class=\"row-fluid\"><div class=\"span12\"><div class=\"feature_box feature_style1\"><div class=\"feature_icon feature_mail\"><\/div><h4>E-mail<\/h4>\n<p><a href=\"mailto:info@onaykimya.com.tr\">info@onaykimya.com.tr<\/a><\/p>\n<div class=\"clearfix\"><\/div><\/div><\/div><\/div> \n\t\t<\/div> \n\t<\/div> <\/div>\n","protected":false},"excerpt":{"rendered":"Bize Ula\u015f\u0131nName: *Email: *Message: *\/* *\/ ONAY K\u0130MYA SANAY\u0130 \u0130\u00c7 VE DI\u015e T\u0130CARET LTD. \u015eT\u0130. Adres BATTALGAZ\u0130 MAHALLES\u0130 END\u00dcL\u00dcS SOKAK SULTAN SANAY\u0130 S\u0130TES\u0130 24 D1 BLOK NO:27-1 SULTANBEYL\u0130\/ \u0130STANBUL Telefon \/ Fax Telefon: (216) 550 07 55-56 Fax: 0216 669 08 61 E-mail info@onaykimya.com.tr","protected":false},"author":1,"featured_media":0,"parent":0,"menu_order":0,"comment_status":"open","ping_status":"open","template":"","meta":{"footnotes":""},"class_list":["post-40","page","type-page","status-publish","hentry"],"_links":{"self":[{"href":"https:\/\/www.onaykimya.com.tr\/tr\/wp-json\/wp\/v2\/pages\/40"}],"collection":[{"href":"https:\/\/www.onaykimya.com.tr\/tr\/wp-json\/wp\/v2\/pages"}],"about":[{"href":"https:\/\/www.onaykimya.com.tr\/tr\/wp-json\/wp\/v2\/types\/page"}],"author":[{"embeddable":true,"href":"https:\/\/www.onaykimya.com.tr\/tr\/wp-json\/wp\/v2\/users\/1"}],"replies":[{"embeddable":true,"href":"https:\/\/www.onaykimya.com.tr\/tr\/wp-json\/wp\/v2\/comments?post=40"}],"version-history":[{"count":15,"href":"https:\/\/www.onaykimya.com.tr\/tr\/wp-json\/wp\/v2\/pages\/40\/revisions"}],"predecessor-version":[{"id":2162,"href":"https:\/\/www.onaykimya.com.tr\/tr\/wp-json\/wp\/v2\/pages\/40\/revisions\/2162"}],"wp:attachment":[{"href":"https:\/\/www.onaykimya.com.tr\/tr\/wp-json\/wp\/v2\/media?parent=40"}],"curies":[{"name":"wp","href":"https:\/\/api.w.org\/{rel}","templated":true}]}}