{"id":1844,"date":"2015-06-05T10:27:49","date_gmt":"2015-06-05T07:27:49","guid":{"rendered":"http:\/\/www.onaykimya.com.tr\/\/?page_id=1844"},"modified":"2016-10-20T14:03:15","modified_gmt":"2016-10-20T11:03:15","slug":"hakkimizda","status":"publish","type":"page","link":"https:\/\/www.onaykimya.com.tr\/tr\/hakkimizda\/","title":{"rendered":"Hakk\u0131m\u0131zda"},"content":{"rendered":"<p><img loading=\"lazy\" decoding=\"async\" class=\" wp-image-1845 alignleft\" src=\"http:\/\/www.onaykimya.com.tr\/wp-content\/uploads\/2015\/06\/biz_kimiz.png\" alt=\"biz_kimiz\" width=\"605\" height=\"272\" \/><\/p>\n<h5 style=\"text-align: left;\"><span style=\"color: #000000;\"><strong>Onay Kimya<\/strong>; ISO 9001:2008 Kalite belgeli \u015firketimiz<\/span><\/h5>\n<h5 style=\"text-align: left;\"><span style=\"color: #000000;\">End\u00fcstriyel\u00a0tip genel temizlik ,bak\u0131m ve koruma\u00a0 \u00fcr\u00fcnleri konusunda uzmanla\u015fm\u0131\u015f bir \u015firket olarak 1995 y\u0131l\u0131ndan beri gerek standart gerekse firmalara \u00f6zel 100&#8242; \u00fc a\u015fk\u0131n \u00fcr\u00fcn \u00e7e\u015fidiyle hizmet vermektedir.<\/span><\/h5>\n<h5 style=\"text-align: left;\"><span style=\"color: #000000;\">Kurulu\u015fundan g\u00fcn\u00fcm\u00fcze \u00fcr\u00fcn kalitesi, hizmet anlay\u0131\u015f\u0131 ve gelece\u011fe yat\u0131r\u0131m yapmas\u0131yla m\u00fc\u015fterilerinin takdirini kazanm\u0131\u015ft\u0131r.<\/span><\/h5>\n<h5 style=\"text-align: left;\"><span style=\"color: #000000;\">Burada size sundu\u011fumuz \u00fcr\u00fcnlerimizin yan\u0131nda imkanlar\u0131m\u0131z \u00f6l\u00e7\u00fcs\u00fcnde farkl\u0131 veya benzer \u00fcr\u00fcnler konusunda size \u00f6zel \u00e7\u00f6z\u00fcm \u00fcretebilece\u011fimizi belirtmek isteriz.<\/span><\/h5>\n<h5 style=\"text-align: left;\"><span style=\"color: #000000;\">Sanayi ve hizmet sekt\u00f6r\u00fcnde yo\u011fun olarak kullan\u0131lmakta olan \u00fcr\u00fcnlerimizi be\u011feninize sunuyoruz.\u00a0<\/span><\/h5>\n<div class=\"homepage_recent_projects\">\n<h3 class=\"homepage_recent_title\">B\u0130ZDEN HABERLER<\/h3>\n<div id=\"home-portfolio-list\" class=\"row\">\n<div class=\"caroufredsel_wrapper\" style=\"display: block; text-align: start; float: none; position: relative; top: auto; right: auto; bottom: auto; left: auto; width: 1200px; height: 121px; margin: 15px 0px; overflow: hidden;\">\n<ul id=\"blog-recent\" class=\"portfolio-normal\" style=\"text-align: left; float: none; position: absolute; top: 0px; left: 0px; margin: 0px; width: 5200px; height: 141px;\">\n<li class=\"blog-item\" style=\"width: 370px;\">\n<div class=\"blog-recent-item\">\n<div class=\"entry_info\">\n<div class=\"entry_date\">5Haz 2015<\/div>\n<div class=\"comments_box\"><a href=\"http:\/\/www.onaykimya.com.tr\/index.php\/2015\/06\/05\/deneme-yazisi-3\/#respond\">0<\/a><\/div>\n<div class=\"clearfix\"><\/div>\n<\/div>\n<div class=\"entry_post\">\n<h2 title=\"Deneme Yaz\u0131s\u0131 3\"><a title=\"Deneme Yaz\u0131s\u0131 3\" href=\"http:\/\/www.onaykimya.com.tr\/index.php\/2015\/06\/05\/deneme-yazisi-3\/\">Deneme Yaz\u0131s\u0131 3<\/a><\/h2>\n<div class=\"entry_meta clearfix\">\n<ul>\n<li class=\"date_show\">Posted on 5 Haziran 2015<\/li>\n<li class=\"comm_show\">Comments: <a href=\"http:\/\/www.onaykimya.com.tr\/index.php\/2015\/06\/05\/deneme-yazisi-3\/#respond\">0<\/a><\/li>\n<\/ul>\n<\/div>\n<p><a href=\"http:\/\/www.onaykimya.com.tr\/index.php\/2015\/06\/05\/deneme-yazisi-3\/\">Lorem ipsum dolor sit amet, consectetur adipiscing elit. Pellentesque quis sem sit amet nunc facilisis scelerisque. Duis rutrum porta&#8230;<\/a><\/p>\n<\/div>\n<\/div>\n<\/li>\n<li class=\"blog-item\" style=\"width: 370px;\">\n<div class=\"blog-recent-item\">\n<div class=\"entry_info\">\n<div class=\"entry_date\">5Haz 2015<\/div>\n<div class=\"comments_box\"><a href=\"http:\/\/www.onaykimya.com.tr\/index.php\/2015\/06\/05\/deneme-haber-2\/#respond\">0<\/a><\/div>\n<div class=\"clearfix\"><\/div>\n<\/div>\n<div class=\"entry_post\">\n<h2 title=\"Deneme Haber 2\"><a title=\"Deneme Haber 2\" href=\"http:\/\/www.onaykimya.com.tr\/index.php\/2015\/06\/05\/deneme-haber-2\/\">Deneme Haber 2<\/a><\/h2>\n<div class=\"entry_meta clearfix\">\n<ul>\n<li class=\"date_show\">Posted on 5 Haziran 2015<\/li>\n<li class=\"comm_show\">Comments: <a href=\"http:\/\/www.onaykimya.com.tr\/index.php\/2015\/06\/05\/deneme-haber-2\/#respond\">0<\/a><\/li>\n<\/ul>\n<\/div>\n<p><a href=\"http:\/\/www.onaykimya.com.tr\/index.php\/2015\/06\/05\/deneme-haber-2\/\">Lorem ipsum dolor sit amet, consectetur adipiscing elit. Pellentesque quis sem sit amet nunc facilisis scelerisque. Duis rutrum porta&#8230;<\/a><\/p>\n<\/div>\n<\/div>\n<\/li>\n<li class=\"blog-item\" style=\"width: 370px;\">\n<div class=\"blog-recent-item\">\n<div class=\"entry_info\">\n<div class=\"entry_date\">5Haz 2015<\/div>\n<\/div>\n<div class=\"entry_post\">\n<h2 title=\"Deneme Haber\"><a title=\"Deneme Haber\" href=\"http:\/\/www.onaykimya.com.tr\/index.php\/2015\/06\/05\/deneme-haber\/\">Deneme Haber<\/a><\/h2>\n<div class=\"entry_meta clearfix\">\n<ul>\n<li class=\"date_show\">Posted on 5 Haziran 2015<\/li>\n<li class=\"comm_show\">Comments: <a href=\"http:\/\/www.onaykimya.com.tr\/index.php\/2015\/06\/05\/deneme-haber\/#respond\">0<\/a><\/li>\n<\/ul>\n<\/div>\n<p><a href=\"http:\/\/www.onaykimya.com.tr\/index.php\/2015\/06\/05\/deneme-haber\/\">Lorem ipsum dolor sit amet, consectetur adipiscing elit. Pellentesque quis sem sit amet nunc facilisis scelerisque. Duis rutrum porta&#8230;<\/a><\/p>\n<\/div>\n<\/div>\n<\/li>\n<li class=\"blog-item\" style=\"width: 370px;\">\n<div class=\"blog-recent-item\">\n<div class=\"entry_info\">\n<div class=\"entry_date\">24Eki 2012<\/div>\n<\/div>\n<div class=\"entry_post\">\n<h2 title=\"Vimeo Video Blog Post\"><a title=\"Vimeo Video Blog Post\" href=\"http:\/\/www.onaykimya.com.tr\/index.php\/2012\/10\/24\/vimeo-video-blog-post\/\">Vimeo Video Blog Post<\/a><\/h2>\n<div class=\"entry_meta clearfix\">\n<ul>\n<li class=\"date_show\">Posted on 24 Ekim 2012<\/li>\n<li class=\"comm_show\">Comments: <a href=\"http:\/\/www.onaykimya.com.tr\/index.php\/2012\/10\/24\/vimeo-video-blog-post\/#comments\">4<\/a><\/li>\n<\/ul>\n<\/div>\n<p><a href=\"http:\/\/www.onaykimya.com.tr\/index.php\/2012\/10\/24\/vimeo-video-blog-post\/\">Mauris sed sem eget libero tempus ullamcorper ullamcorper id velit. Maecenas auctor lorem pellentesque dolor iaculis ut consectetur tellus&#8230;<\/a><\/p>\n<\/div>\n<\/div>\n<\/li>\n<li class=\"blog-item\" style=\"width: 370px;\">\n<div class=\"blog-recent-item\">\n<div class=\"entry_info\">\n<div class=\"entry_date\">24Eki 2012<\/div>\n<div class=\"comments_box\"><a href=\"http:\/\/www.onaykimya.com.tr\/index.php\/2012\/10\/24\/gallery-blog-post\/#respond\">0<\/a><\/div>\n<div class=\"clearfix\"><\/div>\n<\/div>\n<div class=\"entry_post\">\n<h2 title=\"Gallery Blog Post\"><a title=\"Gallery Blog Post\" href=\"http:\/\/www.onaykimya.com.tr\/index.php\/2012\/10\/24\/gallery-blog-post\/\">Gallery Blog Post<\/a><\/h2>\n<div class=\"entry_meta clearfix\">\n<ul>\n<li class=\"date_show\">Posted on 24 Ekim 2012<\/li>\n<li class=\"comm_show\">Comments: <a href=\"http:\/\/www.onaykimya.com.tr\/index.php\/2012\/10\/24\/gallery-blog-post\/#respond\">0<\/a><\/li>\n<\/ul>\n<\/div>\n<p><a href=\"http:\/\/www.onaykimya.com.tr\/index.php\/2012\/10\/24\/gallery-blog-post\/\">Pellentesque ac urna vel metus semper malesuada. Pellentesque non metus sed sem consequat rutrum. Aenean aliquam eros scelerisque eros&#8230;<\/a><\/p>\n<\/div>\n<\/div>\n<\/li>\n<\/ul>\n<\/div>\n<\/div>\n<\/div>\n","protected":false},"excerpt":{"rendered":"<p>Onay Kimya; ISO 9001:2008 Kalite belgeli \u015firketimiz End\u00fcstriyel\u00a0tip genel temizlik ,bak\u0131m ve koruma\u00a0 \u00fcr\u00fcnleri konusunda uzmanla\u015fm\u0131\u015f bir \u015firket olarak 1995 y\u0131l\u0131ndan beri gerek standart gerekse firmalara \u00f6zel 100&#8242; \u00fc a\u015fk\u0131n \u00fcr\u00fcn \u00e7e\u015fidiyle hizmet vermektedir. Kurulu\u015fundan g\u00fcn\u00fcm\u00fcze \u00fcr\u00fcn kalitesi, hizmet anlay\u0131\u015f\u0131 ve gelece\u011fe yat\u0131r\u0131m yapmas\u0131yla m\u00fc\u015fterilerinin takdirini kazanm\u0131\u015ft\u0131r. Burada size sundu\u011fumuz [&hellip;]<\/p>\n","protected":false},"author":1,"featured_media":0,"parent":0,"menu_order":0,"comment_status":"open","ping_status":"open","template":"","meta":{"footnotes":""},"class_list":["post-1844","page","type-page","status-publish","hentry"],"_links":{"self":[{"href":"https:\/\/www.onaykimya.com.tr\/tr\/wp-json\/wp\/v2\/pages\/1844"}],"collection":[{"href":"https:\/\/www.onaykimya.com.tr\/tr\/wp-json\/wp\/v2\/pages"}],"about":[{"href":"https:\/\/www.onaykimya.com.tr\/tr\/wp-json\/wp\/v2\/types\/page"}],"author":[{"embeddable":true,"href":"https:\/\/www.onaykimya.com.tr\/tr\/wp-json\/wp\/v2\/users\/1"}],"replies":[{"embeddable":true,"href":"https:\/\/www.onaykimya.com.tr\/tr\/wp-json\/wp\/v2\/comments?post=1844"}],"version-history":[{"count":8,"href":"https:\/\/www.onaykimya.com.tr\/tr\/wp-json\/wp\/v2\/pages\/1844\/revisions"}],"predecessor-version":[{"id":2141,"href":"https:\/\/www.onaykimya.com.tr\/tr\/wp-json\/wp\/v2\/pages\/1844\/revisions\/2141"}],"wp:attachment":[{"href":"https:\/\/www.onaykimya.com.tr\/tr\/wp-json\/wp\/v2\/media?parent=1844"}],"curies":[{"name":"wp","href":"https:\/\/api.w.org\/{rel}","templated":true}]}}